{"id":105,"date":"2019-10-16T18:42:16","date_gmt":"2019-10-16T18:42:16","guid":{"rendered":"http:\/\/kaliwatu.de\/?page_id=105"},"modified":"2025-08-31T14:19:42","modified_gmt":"2025-08-31T14:19:42","slug":"produktinformationen","status":"publish","type":"page","link":"https:\/\/kaliwatu.de\/produktinformationen","title":{"rendered":"Produktinformationen"},"content":{"rendered":"\t\t<div data-elementor-type=\"wp-page\" data-elementor-id=\"105\" class=\"elementor elementor-105\">\n\t\t\t\t\t\t<section class=\"elementor-section elementor-top-section elementor-element elementor-element-9e5506f elementor-section-boxed elementor-section-height-default elementor-section-height-default\" data-id=\"9e5506f\" data-element_type=\"section\" data-e-type=\"section\">\n\t\t\t\t\t\t<div class=\"elementor-container elementor-column-gap-default\">\n\t\t\t\t\t<div class=\"elementor-column elementor-col-100 elementor-top-column elementor-element elementor-element-a754df0\" data-id=\"a754df0\" data-element_type=\"column\" data-e-type=\"column\">\n\t\t\t<div class=\"elementor-widget-wrap elementor-element-populated\">\n\t\t\t\t\t\t<div class=\"elementor-element elementor-element-b05c0ba elementor-widget elementor-widget-spacer\" data-id=\"b05c0ba\" data-element_type=\"widget\" data-e-type=\"widget\" data-widget_type=\"spacer.default\">\n\t\t\t\t<div class=\"elementor-widget-container\">\n\t\t\t\t\t\t\t<div class=\"elementor-spacer\">\n\t\t\t<div class=\"elementor-spacer-inner\"><\/div>\n\t\t<\/div>\n\t\t\t\t\t\t<\/div>\n\t\t\t\t<\/div>\n\t\t\t\t\t<\/div>\n\t\t<\/div>\n\t\t\t\t\t<\/div>\n\t\t<\/section>\n\t\t\t\t<section class=\"elementor-section elementor-top-section elementor-element elementor-element-ce4c937 elementor-section-boxed elementor-section-height-default elementor-section-height-default\" data-id=\"ce4c937\" data-element_type=\"section\" data-e-type=\"section\">\n\t\t\t\t\t\t<div class=\"elementor-container elementor-column-gap-default\">\n\t\t\t\t\t<div class=\"elementor-column elementor-col-100 elementor-top-column elementor-element elementor-element-deee349\" data-id=\"deee349\" data-element_type=\"column\" data-e-type=\"column\">\n\t\t\t<div class=\"elementor-widget-wrap elementor-element-populated\">\n\t\t\t\t\t\t<div class=\"elementor-element elementor-element-8b1d5c9 elementor-position-right elementor-vertical-align-middle elementor-widget elementor-widget-image-box\" data-id=\"8b1d5c9\" data-element_type=\"widget\" data-e-type=\"widget\" data-widget_type=\"image-box.default\">\n\t\t\t\t<div class=\"elementor-widget-container\">\n\t\t\t\t\t<div class=\"elementor-image-box-wrapper\"><figure class=\"elementor-image-box-img\"><a href=\"http:\/\/kaliwatu.de\/kontakt\" tabindex=\"-1\"><img fetchpriority=\"high\" decoding=\"async\" width=\"720\" height=\"1080\" src=\"https:\/\/kaliwatu.de\/wp-content\/uploads\/2019\/10\/2017-10-19_13-24-17.jpg\" class=\"attachment-full size-full wp-image-151\" alt=\"\" srcset=\"https:\/\/kaliwatu.de\/wp-content\/uploads\/2019\/10\/2017-10-19_13-24-17.jpg 720w, https:\/\/kaliwatu.de\/wp-content\/uploads\/2019\/10\/2017-10-19_13-24-17-200x300.jpg 200w, https:\/\/kaliwatu.de\/wp-content\/uploads\/2019\/10\/2017-10-19_13-24-17-683x1024.jpg 683w\" sizes=\"(max-width: 720px) 100vw, 720px\" \/><\/a><\/figure><div class=\"elementor-image-box-content\"><h3 class=\"elementor-image-box-title\"><a href=\"http:\/\/kaliwatu.de\/kontakt\">Es ist mein Wunsch Dich mit deinem neuen Schmuckst\u00fcck von KaliWatu zu begeistern.<\/a><\/h3><p class=\"elementor-image-box-description\">Alle unsere Natursteine sind in einzelnen Arbeitsschritten aufw\u00e4ndig handgefertigt worden und unterliegen einer sorgf\u00e4ltigen Qualit\u00e4tskontrolle. Wir pr\u00fcfen und fotografieren jeden einzelnen Stein von Hand. Somit garantieren wir Dir eine exklusive Auswahl von hochwertigen Schmuckt\u00fccken, an denen Du lange deine Freude haben wirst. Kleine Unebenheiten geh\u00f6ren zur Charakteristik der handverlesenen Edelsteine.\n\nDie Pr\u00e4sentation unserer Schmuckst\u00fccke haben wir so gew\u00e4hlt, dass Du dir ein bestm\u00f6gliches Bild davon machen kannst, was du sp\u00e4ter in H\u00e4nden halten wirst. Solltest du bestimmte Vorlieben, bspw. bei der Maserung oder Farbe haben, lass es mich wissen und ich achte bei der Auswahl deines Steins bestm\u00f6glich darauf. Jeder Edelstein ist ein Einzelst\u00fcck und nur einmal verf\u00fcgbar. So einzigartig eben wie Du es bist.\n\nUnsere Intention ist es kundenfreundlich, ehrlich und transparent zu arbeiten. Wenn Du noch offene Fragen zu unseren Anh\u00e4ngern hast, freue ich mich \u00fcber deine Nachricht.<\/p><\/div><\/div>\t\t\t\t<\/div>\n\t\t\t\t<\/div>\n\t\t\t\t\t<\/div>\n\t\t<\/div>\n\t\t\t\t\t<\/div>\n\t\t<\/section>\n\t\t\t\t<section class=\"elementor-section elementor-top-section elementor-element elementor-element-5b5c254 elementor-section-boxed elementor-section-height-default elementor-section-height-default\" data-id=\"5b5c254\" data-element_type=\"section\" data-e-type=\"section\">\n\t\t\t\t\t\t<div class=\"elementor-container elementor-column-gap-default\">\n\t\t\t\t\t<div class=\"elementor-column elementor-col-100 elementor-top-column elementor-element elementor-element-bef0bff\" data-id=\"bef0bff\" data-element_type=\"column\" data-e-type=\"column\">\n\t\t\t<div class=\"elementor-widget-wrap elementor-element-populated\">\n\t\t\t\t\t\t<div class=\"elementor-element elementor-element-887f927 elementor-widget elementor-widget-spacer\" data-id=\"887f927\" data-element_type=\"widget\" data-e-type=\"widget\" data-widget_type=\"spacer.default\">\n\t\t\t\t<div class=\"elementor-widget-container\">\n\t\t\t\t\t\t\t<div class=\"elementor-spacer\">\n\t\t\t<div class=\"elementor-spacer-inner\"><\/div>\n\t\t<\/div>\n\t\t\t\t\t\t<\/div>\n\t\t\t\t<\/div>\n\t\t\t\t\t<\/div>\n\t\t<\/div>\n\t\t\t\t\t<\/div>\n\t\t<\/section>\n\t\t\t\t<section class=\"elementor-section elementor-top-section elementor-element elementor-element-456f6f9 elementor-section-boxed elementor-section-height-default elementor-section-height-default\" data-id=\"456f6f9\" data-element_type=\"section\" data-e-type=\"section\">\n\t\t\t\t\t\t<div class=\"elementor-container elementor-column-gap-default\">\n\t\t\t\t\t<div class=\"elementor-column elementor-col-50 elementor-top-column elementor-element elementor-element-e33f022\" data-id=\"e33f022\" data-element_type=\"column\" data-e-type=\"column\">\n\t\t\t<div class=\"elementor-widget-wrap elementor-element-populated\">\n\t\t\t\t\t\t<div class=\"elementor-element elementor-element-aaa2708 elementor-position-top elementor-widget elementor-widget-image-box\" data-id=\"aaa2708\" data-element_type=\"widget\" data-e-type=\"widget\" data-widget_type=\"image-box.default\">\n\t\t\t\t<div class=\"elementor-widget-container\">\n\t\t\t\t\t<div class=\"elementor-image-box-wrapper\"><figure class=\"elementor-image-box-img\"><img decoding=\"async\" width=\"1080\" height=\"1080\" src=\"https:\/\/kaliwatu.de\/wp-content\/uploads\/2019\/10\/2017-10-19_15-28-28.jpg\" class=\"attachment-full size-full wp-image-154\" alt=\"\" srcset=\"https:\/\/kaliwatu.de\/wp-content\/uploads\/2019\/10\/2017-10-19_15-28-28.jpg 1080w, https:\/\/kaliwatu.de\/wp-content\/uploads\/2019\/10\/2017-10-19_15-28-28-150x150.jpg 150w, https:\/\/kaliwatu.de\/wp-content\/uploads\/2019\/10\/2017-10-19_15-28-28-300x300.jpg 300w, https:\/\/kaliwatu.de\/wp-content\/uploads\/2019\/10\/2017-10-19_15-28-28-768x768.jpg 768w, https:\/\/kaliwatu.de\/wp-content\/uploads\/2019\/10\/2017-10-19_15-28-28-1024x1024.jpg 1024w\" sizes=\"(max-width: 1080px) 100vw, 1080px\" \/><\/figure><div class=\"elementor-image-box-content\"><p class=\"elementor-image-box-description\">Jeder Anh\u00e4nger von Kali Watu wird in der optisch ansprechenden Verpackung geliefert, die sich auch perfekt zum Verschenken eignet. Die handgeflochtenen Taschen bestehen aus getrockneten Bl\u00e4ttern der Pandanpflanze und passen von ihrer Nat\u00fcrlichkeit perfekt zu unseren Produkten.<\/p><\/div><\/div>\t\t\t\t<\/div>\n\t\t\t\t<\/div>\n\t\t\t\t\t<\/div>\n\t\t<\/div>\n\t\t\t\t<div class=\"elementor-column elementor-col-50 elementor-top-column elementor-element elementor-element-d71c32d\" data-id=\"d71c32d\" data-element_type=\"column\" data-e-type=\"column\">\n\t\t\t<div class=\"elementor-widget-wrap elementor-element-populated\">\n\t\t\t\t\t\t<div class=\"elementor-element elementor-element-5326247 elementor-position-top elementor-widget elementor-widget-image-box\" data-id=\"5326247\" data-element_type=\"widget\" data-e-type=\"widget\" data-widget_type=\"image-box.default\">\n\t\t\t\t<div class=\"elementor-widget-container\">\n\t\t\t\t\t<div class=\"elementor-image-box-wrapper\"><figure class=\"elementor-image-box-img\"><img decoding=\"async\" width=\"1280\" height=\"1280\" src=\"https:\/\/kaliwatu.de\/wp-content\/uploads\/2019\/10\/Ketten-2_klein.jpg\" class=\"attachment-full size-full wp-image-56\" alt=\"\" srcset=\"https:\/\/kaliwatu.de\/wp-content\/uploads\/2019\/10\/Ketten-2_klein.jpg 1280w, https:\/\/kaliwatu.de\/wp-content\/uploads\/2019\/10\/Ketten-2_klein-150x150.jpg 150w, https:\/\/kaliwatu.de\/wp-content\/uploads\/2019\/10\/Ketten-2_klein-300x300.jpg 300w, https:\/\/kaliwatu.de\/wp-content\/uploads\/2019\/10\/Ketten-2_klein-768x768.jpg 768w, https:\/\/kaliwatu.de\/wp-content\/uploads\/2019\/10\/Ketten-2_klein-1024x1024.jpg 1024w\" sizes=\"(max-width: 1280px) 100vw, 1280px\" \/><\/figure><div class=\"elementor-image-box-content\"><p class=\"elementor-image-box-description\">Jeder Schmuckstein wird mit einer hochwertigen und optisch ansprechenden Kette geliefert. Alle Ketten haben eine L\u00e4nge von 75 cm. W\u00e4hle zwischen rostfreiem Stahl mit Karabinerverschluss oder matt-schwarzem Leder mit 2mm \u00d8.<\/p><\/div><\/div>\t\t\t\t<\/div>\n\t\t\t\t<\/div>\n\t\t\t\t\t<\/div>\n\t\t<\/div>\n\t\t\t\t\t<\/div>\n\t\t<\/section>\n\t\t\t\t<section class=\"elementor-section elementor-top-section elementor-element elementor-element-ec96848 elementor-section-boxed elementor-section-height-default elementor-section-height-default\" data-id=\"ec96848\" data-element_type=\"section\" data-e-type=\"section\">\n\t\t\t\t\t\t<div class=\"elementor-container elementor-column-gap-default\">\n\t\t\t\t\t<div class=\"elementor-column elementor-col-100 elementor-top-column elementor-element elementor-element-cee4a3f\" data-id=\"cee4a3f\" data-element_type=\"column\" data-e-type=\"column\">\n\t\t\t<div class=\"elementor-widget-wrap elementor-element-populated\">\n\t\t\t\t\t\t<div class=\"elementor-element elementor-element-f992640 elementor-widget elementor-widget-spacer\" data-id=\"f992640\" data-element_type=\"widget\" data-e-type=\"widget\" data-widget_type=\"spacer.default\">\n\t\t\t\t<div class=\"elementor-widget-container\">\n\t\t\t\t\t\t\t<div class=\"elementor-spacer\">\n\t\t\t<div class=\"elementor-spacer-inner\"><\/div>\n\t\t<\/div>\n\t\t\t\t\t\t<\/div>\n\t\t\t\t<\/div>\n\t\t\t\t\t<\/div>\n\t\t<\/div>\n\t\t\t\t\t<\/div>\n\t\t<\/section>\n\t\t\t\t<section class=\"elementor-section elementor-top-section elementor-element elementor-element-bfb32fb elementor-section-boxed elementor-section-height-default elementor-section-height-default\" data-id=\"bfb32fb\" data-element_type=\"section\" data-e-type=\"section\">\n\t\t\t\t\t\t<div class=\"elementor-container elementor-column-gap-default\">\n\t\t\t\t\t<div class=\"elementor-column elementor-col-100 elementor-top-column elementor-element elementor-element-4ba6857\" data-id=\"4ba6857\" data-element_type=\"column\" data-e-type=\"column\">\n\t\t\t<div class=\"elementor-widget-wrap elementor-element-populated\">\n\t\t\t\t\t\t<div class=\"elementor-element elementor-element-e949d6d elementor-widget elementor-widget-image\" data-id=\"e949d6d\" data-element_type=\"widget\" data-e-type=\"widget\" data-widget_type=\"image.default\">\n\t\t\t\t<div class=\"elementor-widget-container\">\n\t\t\t\t\t\t\t\t\t\t\t\t\t\t\t<img loading=\"lazy\" decoding=\"async\" width=\"1024\" height=\"520\" src=\"https:\/\/kaliwatu.de\/wp-content\/uploads\/2019\/10\/2017-10-18_14-17-23-1024x520.jpg\" class=\"attachment-large size-large wp-image-155\" alt=\"\" srcset=\"https:\/\/kaliwatu.de\/wp-content\/uploads\/2019\/10\/2017-10-18_14-17-23-1024x520.jpg 1024w, https:\/\/kaliwatu.de\/wp-content\/uploads\/2019\/10\/2017-10-18_14-17-23-300x152.jpg 300w, https:\/\/kaliwatu.de\/wp-content\/uploads\/2019\/10\/2017-10-18_14-17-23-768x390.jpg 768w, https:\/\/kaliwatu.de\/wp-content\/uploads\/2019\/10\/2017-10-18_14-17-23.jpg 1920w\" sizes=\"(max-width: 1024px) 100vw, 1024px\" \/>\t\t\t\t\t\t\t\t\t\t\t\t\t\t\t<\/div>\n\t\t\t\t<\/div>\n\t\t\t\t\t<\/div>\n\t\t<\/div>\n\t\t\t\t\t<\/div>\n\t\t<\/section>\n\t\t\t\t<section class=\"elementor-section elementor-top-section elementor-element elementor-element-47d0adc elementor-section-boxed elementor-section-height-default elementor-section-height-default\" data-id=\"47d0adc\" data-element_type=\"section\" data-e-type=\"section\">\n\t\t\t\t\t\t<div class=\"elementor-container elementor-column-gap-default\">\n\t\t\t\t\t<div class=\"elementor-column elementor-col-100 elementor-top-column elementor-element elementor-element-b8fc1c6\" data-id=\"b8fc1c6\" data-element_type=\"column\" data-e-type=\"column\">\n\t\t\t<div class=\"elementor-widget-wrap elementor-element-populated\">\n\t\t\t\t\t\t<div class=\"elementor-element elementor-element-9fbf2b5 elementor-widget elementor-widget-spacer\" data-id=\"9fbf2b5\" data-element_type=\"widget\" data-e-type=\"widget\" data-widget_type=\"spacer.default\">\n\t\t\t\t<div class=\"elementor-widget-container\">\n\t\t\t\t\t\t\t<div class=\"elementor-spacer\">\n\t\t\t<div class=\"elementor-spacer-inner\"><\/div>\n\t\t<\/div>\n\t\t\t\t\t\t<\/div>\n\t\t\t\t<\/div>\n\t\t\t\t\t<\/div>\n\t\t<\/div>\n\t\t\t\t\t<\/div>\n\t\t<\/section>\n\t\t\t\t<section class=\"elementor-section elementor-top-section elementor-element elementor-element-dee3465 elementor-section-boxed elementor-section-height-default elementor-section-height-default\" data-id=\"dee3465\" data-element_type=\"section\" data-e-type=\"section\">\n\t\t\t\t\t\t<div class=\"elementor-container elementor-column-gap-default\">\n\t\t\t\t\t<div class=\"elementor-column elementor-col-100 elementor-top-column elementor-element elementor-element-4f0831d\" data-id=\"4f0831d\" data-element_type=\"column\" data-e-type=\"column\">\n\t\t\t<div class=\"elementor-widget-wrap elementor-element-populated\">\n\t\t\t\t\t\t<div class=\"elementor-element elementor-element-a59639f elementor-widget elementor-widget-text-editor\" data-id=\"a59639f\" data-element_type=\"widget\" data-e-type=\"widget\" data-widget_type=\"text-editor.default\">\n\t\t\t\t<div class=\"elementor-widget-container\">\n\t\t\t\t\t\t\t\t\t<h3><span style=\"color: #2d622a;\"><strong>Ma\u00dfe und Gewicht<\/strong> (Durchschnittswerte)<\/span><\/h3>\n<p style=\"float: left;\"><img loading=\"lazy\" decoding=\"async\" style=\"margin-right: 50px; float: left;\" src=\"\/\/cdn.shopify.com\/s\/files\/1\/2540\/5360\/files\/2017-10-18_15-08-38.jpg?v=1511555401\" alt=\"\" width=\"320\" height=\"320\" \/><\/p>\n\n<table style=\"width: 445px; height: 282px;\">\n<tbody>\n<tr style=\"height: 22px;\">\n<td style=\"width: 110.203125px; height: 22px;\"><strong>Form<\/strong><\/td>\n<td style=\"width: 98.140625px; height: 22px;\">\u00a0<strong>L\u00e4nge<\/strong><\/td>\n<td style=\"width: 92px; height: 22px;\"><strong>Breite<\/strong><\/td>\n<td style=\"width: 85.671875px; height: 22px;\"><strong>Gewicht<\/strong><\/td>\n<\/tr>\n<tr style=\"height: 22px;\">\n<td style=\"width: 110.203125px; height: 22px;\">Oval<\/td>\n<td style=\"width: 98.140625px; height: 22px;\">5,5 cm<\/td>\n<td style=\"width: 92px; text-align: left; height: 22px;\">2,0 cm<\/td>\n<td style=\"width: 85.671875px; text-align: left; height: 22px;\">9 g<\/td>\n<\/tr>\n<tr style=\"height: 22px;\">\n<td style=\"width: 110.203125px; height: 22px;\">Dreieck<\/td>\n<td style=\"width: 98.140625px; height: 22px;\">3,5 cm<\/td>\n<td style=\"width: 92px; text-align: left; height: 22px;\">3,0 cm<\/td>\n<td style=\"width: 85.671875px; text-align: left; height: 22px;\">6 g<\/td>\n<\/tr>\n<tr style=\"text-align: left; height: 22px;\">\n<td style=\"width: 110.203125px; height: 22px;\">Board<\/td>\n<td style=\"width: 98.140625px; height: 22px;\">5,5 cm<\/td>\n<td style=\"width: 92px; height: 22px;\">2,0 cm<\/td>\n<td style=\"width: 85.671875px; height: 22px;\">7 g<\/td>\n<\/tr>\n<tr style=\"height: 5px;\">\n<td style=\"width: 110.203125px; height: 5px;\">Raute<\/td>\n<td style=\"width: 98.140625px; height: 5px;\">5,0 cm<\/td>\n<td style=\"width: 92px; height: 5px;\">3,0 cm<\/td>\n<td style=\"width: 85.671875px; height: 5px;\">8 g<\/td>\n<\/tr>\n<tr style=\"height: 6px;\">\n<td style=\"width: 110.203125px; height: 6px;\">Sechseck<\/td>\n<td style=\"width: 98.140625px; height: 6px;\">4,5 cm<\/td>\n<td style=\"width: 92px; height: 6px;\">3,0 cm<\/td>\n<td style=\"width: 85.671875px; height: 6px;\">9 g<\/td>\n<\/tr>\n<\/tbody>\n<\/table>\nDie Dicke (St\u00e4rke) der Steine kann von 2mm bis 5mm variieren.\t\t\t\t\t\t\t\t<\/div>\n\t\t\t\t<\/div>\n\t\t\t\t\t<\/div>\n\t\t<\/div>\n\t\t\t\t\t<\/div>\n\t\t<\/section>\n\t\t\t\t<section class=\"elementor-section elementor-top-section elementor-element elementor-element-aa95f89 elementor-section-boxed elementor-section-height-default elementor-section-height-default\" data-id=\"aa95f89\" data-element_type=\"section\" data-e-type=\"section\">\n\t\t\t\t\t\t<div class=\"elementor-container elementor-column-gap-default\">\n\t\t\t\t\t<div class=\"elementor-column elementor-col-100 elementor-top-column elementor-element elementor-element-5cba05d\" data-id=\"5cba05d\" data-element_type=\"column\" data-e-type=\"column\">\n\t\t\t<div class=\"elementor-widget-wrap elementor-element-populated\">\n\t\t\t\t\t\t<div class=\"elementor-element elementor-element-fecf9d4 elementor-widget elementor-widget-spacer\" data-id=\"fecf9d4\" data-element_type=\"widget\" data-e-type=\"widget\" data-widget_type=\"spacer.default\">\n\t\t\t\t<div class=\"elementor-widget-container\">\n\t\t\t\t\t\t\t<div class=\"elementor-spacer\">\n\t\t\t<div class=\"elementor-spacer-inner\"><\/div>\n\t\t<\/div>\n\t\t\t\t\t\t<\/div>\n\t\t\t\t<\/div>\n\t\t\t\t\t<\/div>\n\t\t<\/div>\n\t\t\t\t\t<\/div>\n\t\t<\/section>\n\t\t\t\t<\/div>\n\t\t","protected":false},"excerpt":{"rendered":"<p>Es ist mein Wunsch Dich mit deinem neuen Schmuckst\u00fcck von KaliWatu zu begeistern. Alle unsere Natursteine sind in einzelnen Arbeitsschritten aufw\u00e4ndig handgefertigt worden und unterliegen einer sorgf\u00e4ltigen Qualit\u00e4tskontrolle. Wir pr\u00fcfen und fotografieren jeden einzelnen Stein von Hand. Somit garantieren wir Dir eine exklusive Auswahl von hochwertigen Schmuckt\u00fccken, an denen Du lange deine Freude haben wirst. [&hellip;]<\/p>\n","protected":false},"author":1,"featured_media":0,"parent":0,"menu_order":0,"comment_status":"closed","ping_status":"closed","template":"","meta":{"site-sidebar-layout":"no-sidebar","site-content-layout":"page-builder","ast-site-content-layout":"full-width-container","site-content-style":"unboxed","site-sidebar-style":"unboxed","ast-global-header-display":"","ast-banner-title-visibility":"","ast-main-header-display":"","ast-hfb-above-header-display":"","ast-hfb-below-header-display":"","ast-hfb-mobile-header-display":"","site-post-title":"disabled","ast-breadcrumbs-content":"","ast-featured-img":"disabled","footer-sml-layout":"","ast-disable-related-posts":"","theme-transparent-header-meta":"default","adv-header-id-meta":"","stick-header-meta":"","header-above-stick-meta":"","header-main-stick-meta":"","header-below-stick-meta":"","astra-migrate-meta-layouts":"set","ast-page-background-enabled":"default","ast-page-background-meta":{"desktop":{"background-color":"","background-image":"","background-repeat":"repeat","background-position":"center center","background-size":"auto","background-attachment":"scroll","background-type":"","background-media":"","overlay-type":"","overlay-color":"","overlay-opacity":"","overlay-gradient":""},"tablet":{"background-color":"","background-image":"","background-repeat":"repeat","background-position":"center center","background-size":"auto","background-attachment":"scroll","background-type":"","background-media":"","overlay-type":"","overlay-color":"","overlay-opacity":"","overlay-gradient":""},"mobile":{"background-color":"","background-image":"","background-repeat":"repeat","background-position":"center center","background-size":"auto","background-attachment":"scroll","background-type":"","background-media":"","overlay-type":"","overlay-color":"","overlay-opacity":"","overlay-gradient":""}},"ast-content-background-meta":{"desktop":{"background-color":"var(--ast-global-color-5)","background-image":"","background-repeat":"repeat","background-position":"center center","background-size":"auto","background-attachment":"scroll","background-type":"","background-media":"","overlay-type":"","overlay-color":"","overlay-opacity":"","overlay-gradient":""},"tablet":{"background-color":"var(--ast-global-color-5)","background-image":"","background-repeat":"repeat","background-position":"center center","background-size":"auto","background-attachment":"scroll","background-type":"","background-media":"","overlay-type":"","overlay-color":"","overlay-opacity":"","overlay-gradient":""},"mobile":{"background-color":"var(--ast-global-color-5)","background-image":"","background-repeat":"repeat","background-position":"center center","background-size":"auto","background-attachment":"scroll","background-type":"","background-media":"","overlay-type":"","overlay-color":"","overlay-opacity":"","overlay-gradient":""}},"footnotes":""},"class_list":["post-105","page","type-page","status-publish","hentry"],"_links":{"self":[{"href":"https:\/\/kaliwatu.de\/index.php?rest_route=\/wp\/v2\/pages\/105","targetHints":{"allow":["GET"]}}],"collection":[{"href":"https:\/\/kaliwatu.de\/index.php?rest_route=\/wp\/v2\/pages"}],"about":[{"href":"https:\/\/kaliwatu.de\/index.php?rest_route=\/wp\/v2\/types\/page"}],"author":[{"embeddable":true,"href":"https:\/\/kaliwatu.de\/index.php?rest_route=\/wp\/v2\/users\/1"}],"replies":[{"embeddable":true,"href":"https:\/\/kaliwatu.de\/index.php?rest_route=%2Fwp%2Fv2%2Fcomments&post=105"}],"version-history":[{"count":11,"href":"https:\/\/kaliwatu.de\/index.php?rest_route=\/wp\/v2\/pages\/105\/revisions"}],"predecessor-version":[{"id":213,"href":"https:\/\/kaliwatu.de\/index.php?rest_route=\/wp\/v2\/pages\/105\/revisions\/213"}],"wp:attachment":[{"href":"https:\/\/kaliwatu.de\/index.php?rest_route=%2Fwp%2Fv2%2Fmedia&parent=105"}],"curies":[{"name":"wp","href":"https:\/\/api.w.org\/{rel}","templated":true}]}}