{"id":107,"date":"2019-10-16T18:43:53","date_gmt":"2019-10-16T18:43:53","guid":{"rendered":"http:\/\/kaliwatu.de\/?page_id=107"},"modified":"2019-10-16T21:18:10","modified_gmt":"2019-10-16T21:18:10","slug":"hintergrund","status":"publish","type":"page","link":"https:\/\/kaliwatu.de\/hintergrund","title":{"rendered":"Hintergrund"},"content":{"rendered":"\t\t<div data-elementor-type=\"wp-page\" data-elementor-id=\"107\" class=\"elementor elementor-107\">\n\t\t\t\t\t\t<section class=\"elementor-section elementor-top-section elementor-element elementor-element-9deac7f elementor-section-boxed elementor-section-height-default elementor-section-height-default\" data-id=\"9deac7f\" data-element_type=\"section\" data-e-type=\"section\">\n\t\t\t\t\t\t<div class=\"elementor-container elementor-column-gap-default\">\n\t\t\t\t\t<div class=\"elementor-column elementor-col-100 elementor-top-column elementor-element elementor-element-cb183f7\" data-id=\"cb183f7\" data-element_type=\"column\" data-e-type=\"column\">\n\t\t\t<div class=\"elementor-widget-wrap elementor-element-populated\">\n\t\t\t\t\t\t<div class=\"elementor-element elementor-element-312b94f elementor-widget elementor-widget-spacer\" data-id=\"312b94f\" data-element_type=\"widget\" data-e-type=\"widget\" data-widget_type=\"spacer.default\">\n\t\t\t\t<div class=\"elementor-widget-container\">\n\t\t\t\t\t\t\t<div class=\"elementor-spacer\">\n\t\t\t<div class=\"elementor-spacer-inner\"><\/div>\n\t\t<\/div>\n\t\t\t\t\t\t<\/div>\n\t\t\t\t<\/div>\n\t\t\t\t\t<\/div>\n\t\t<\/div>\n\t\t\t\t\t<\/div>\n\t\t<\/section>\n\t\t\t\t<section class=\"elementor-section elementor-top-section elementor-element elementor-element-097705b elementor-section-boxed elementor-section-height-default elementor-section-height-default\" data-id=\"097705b\" data-element_type=\"section\" data-e-type=\"section\">\n\t\t\t\t\t\t<div class=\"elementor-container elementor-column-gap-default\">\n\t\t\t\t\t<div class=\"elementor-column elementor-col-100 elementor-top-column elementor-element elementor-element-b46c473\" data-id=\"b46c473\" data-element_type=\"column\" data-e-type=\"column\">\n\t\t\t<div class=\"elementor-widget-wrap elementor-element-populated\">\n\t\t\t\t\t\t<div class=\"elementor-element elementor-element-8dc3f20 elementor-widget elementor-widget-text-editor\" data-id=\"8dc3f20\" data-element_type=\"widget\" data-e-type=\"widget\" data-widget_type=\"text-editor.default\">\n\t\t\t\t<div class=\"elementor-widget-container\">\n\t\t\t\t\t\t\t\t\t<p>Indonesien ist mit mehr als 250 Millionen Menschen eines der bev\u00f6lkerungsreichsten L\u00e4nder der Welt. Beim Bereisen des Landes entsteht der Eindruck, dass jede gr\u00f6\u00dfere Insel an sich eine ganz eigene spezielle Kultur und Mentalit\u00e4t besitzt. Mit mehr als 17.500 Inseln ist Indonesien ein facettenreiches, kaum zu erfassendes und \u00fcberaus faszinierendes Land.<\/p>\t\t\t\t\t\t\t\t<\/div>\n\t\t\t\t<\/div>\n\t\t\t\t\t<\/div>\n\t\t<\/div>\n\t\t\t\t\t<\/div>\n\t\t<\/section>\n\t\t\t\t<section class=\"elementor-section elementor-top-section elementor-element elementor-element-5868000 elementor-section-boxed elementor-section-height-default elementor-section-height-default\" data-id=\"5868000\" data-element_type=\"section\" data-e-type=\"section\">\n\t\t\t\t\t\t<div class=\"elementor-container elementor-column-gap-default\">\n\t\t\t\t\t<div class=\"elementor-column elementor-col-100 elementor-top-column elementor-element elementor-element-eb7c2c6\" data-id=\"eb7c2c6\" data-element_type=\"column\" data-e-type=\"column\">\n\t\t\t<div class=\"elementor-widget-wrap elementor-element-populated\">\n\t\t\t\t\t\t<div class=\"elementor-element elementor-element-9125ed9 elementor-widget elementor-widget-image\" data-id=\"9125ed9\" data-element_type=\"widget\" data-e-type=\"widget\" data-widget_type=\"image.default\">\n\t\t\t\t<div class=\"elementor-widget-container\">\n\t\t\t\t\t\t\t\t\t\t\t\t\t\t\t<img fetchpriority=\"high\" decoding=\"async\" width=\"768\" height=\"387\" src=\"https:\/\/kaliwatu.de\/wp-content\/uploads\/2019\/10\/Karte-768x387.jpg\" class=\"attachment-medium_large size-medium_large wp-image-161\" alt=\"\" srcset=\"https:\/\/kaliwatu.de\/wp-content\/uploads\/2019\/10\/Karte-768x387.jpg 768w, https:\/\/kaliwatu.de\/wp-content\/uploads\/2019\/10\/Karte-300x151.jpg 300w, https:\/\/kaliwatu.de\/wp-content\/uploads\/2019\/10\/Karte-1024x516.jpg 1024w, https:\/\/kaliwatu.de\/wp-content\/uploads\/2019\/10\/Karte.jpg 1204w\" sizes=\"(max-width: 768px) 100vw, 768px\" \/>\t\t\t\t\t\t\t\t\t\t\t\t\t\t\t<\/div>\n\t\t\t\t<\/div>\n\t\t\t\t\t<\/div>\n\t\t<\/div>\n\t\t\t\t\t<\/div>\n\t\t<\/section>\n\t\t\t\t<section class=\"elementor-section elementor-top-section elementor-element elementor-element-12e3536 elementor-section-boxed elementor-section-height-default elementor-section-height-default\" data-id=\"12e3536\" data-element_type=\"section\" data-e-type=\"section\">\n\t\t\t\t\t\t<div class=\"elementor-container elementor-column-gap-default\">\n\t\t\t\t\t<div class=\"elementor-column elementor-col-100 elementor-top-column elementor-element elementor-element-bb0d79b\" data-id=\"bb0d79b\" data-element_type=\"column\" data-e-type=\"column\">\n\t\t\t<div class=\"elementor-widget-wrap elementor-element-populated\">\n\t\t\t\t\t\t<div class=\"elementor-element elementor-element-6b0d73c elementor-widget elementor-widget-spacer\" data-id=\"6b0d73c\" data-element_type=\"widget\" data-e-type=\"widget\" data-widget_type=\"spacer.default\">\n\t\t\t\t<div class=\"elementor-widget-container\">\n\t\t\t\t\t\t\t<div class=\"elementor-spacer\">\n\t\t\t<div class=\"elementor-spacer-inner\"><\/div>\n\t\t<\/div>\n\t\t\t\t\t\t<\/div>\n\t\t\t\t<\/div>\n\t\t\t\t\t<\/div>\n\t\t<\/div>\n\t\t\t\t\t<\/div>\n\t\t<\/section>\n\t\t\t\t<section class=\"elementor-section elementor-top-section elementor-element elementor-element-9ac78b0 elementor-section-boxed elementor-section-height-default elementor-section-height-default\" data-id=\"9ac78b0\" data-element_type=\"section\" data-e-type=\"section\">\n\t\t\t\t\t\t<div class=\"elementor-container elementor-column-gap-default\">\n\t\t\t\t\t<div class=\"elementor-column elementor-col-100 elementor-top-column elementor-element elementor-element-78665f3\" data-id=\"78665f3\" data-element_type=\"column\" data-e-type=\"column\">\n\t\t\t<div class=\"elementor-widget-wrap elementor-element-populated\">\n\t\t\t\t\t\t<div class=\"elementor-element elementor-element-530389d elementor-widget elementor-widget-text-editor\" data-id=\"530389d\" data-element_type=\"widget\" data-e-type=\"widget\" data-widget_type=\"text-editor.default\">\n\t\t\t\t<div class=\"elementor-widget-container\">\n\t\t\t\t\t\t\t\t\t<p>Unsere Schmucksteine von &#8222;Kali Watu&#8220; stammen von der Insel Java aus der Region Pacitan. W\u00e4hrend die Region unter ausl\u00e4ndischen Touristen vor allem f\u00fcr die sch\u00f6nen Str\u00e4nde und guten Surfspots bekannt ist, kennen die meisten Einheimischen die Region auf Grund des Vorkommens\u00a0von Edelsteinen. Die F\u00f6rderung dieser Natursteine hat in der Region eine l\u00e4ngere Tradition und auch wenn es in Indonesien verschiedene Gebiete zur F\u00f6rderung gleichartiger Steine gibt, so hat ein Ereignis in der Vergangenheit zur Bekanntheit der Steine aus Pacitan entscheidend beigetragen.<\/p>\t\t\t\t\t\t\t\t<\/div>\n\t\t\t\t<\/div>\n\t\t\t\t\t<\/div>\n\t\t<\/div>\n\t\t\t\t\t<\/div>\n\t\t<\/section>\n\t\t\t\t<section class=\"elementor-section elementor-top-section elementor-element elementor-element-77414fd elementor-section-boxed elementor-section-height-default elementor-section-height-default\" data-id=\"77414fd\" data-element_type=\"section\" data-e-type=\"section\">\n\t\t\t\t\t\t<div class=\"elementor-container elementor-column-gap-default\">\n\t\t\t\t\t<div class=\"elementor-column elementor-col-100 elementor-top-column elementor-element elementor-element-8b857e7\" data-id=\"8b857e7\" data-element_type=\"column\" data-e-type=\"column\">\n\t\t\t<div class=\"elementor-widget-wrap elementor-element-populated\">\n\t\t\t\t\t\t<div class=\"elementor-element elementor-element-e0db141 elementor-widget elementor-widget-text-editor\" data-id=\"e0db141\" data-element_type=\"widget\" data-e-type=\"widget\" data-widget_type=\"text-editor.default\">\n\t\t\t\t<div class=\"elementor-widget-container\">\n\t\t\t\t\t\t\t\t\t<p>Einen sprunghaften Anstieg der Bekanntheit des &#8222;Batu Akik&#8220; (indonesisch f\u00fcr Schmuck-bzw. Edelstein) aus Pacitan ist dem ehemaligen indonesischen Pr\u00e4sidenten &#8222;Susilo Bambang Yudhoyono&#8220; (SBY) zu verdanken, welcher direkt aus Pacitan stammt. Die Geschichte besagt, dass dieser w\u00e4hrend seiner Amtszeit einem seiner Minister einen mit &#8222;Batu Akik&#8220; best\u00fcckten Ring schenkte.<\/p>\t\t\t\t\t\t\t\t<\/div>\n\t\t\t\t<\/div>\n\t\t\t\t\t<\/div>\n\t\t<\/div>\n\t\t\t\t\t<\/div>\n\t\t<\/section>\n\t\t\t\t<section class=\"elementor-section elementor-top-section elementor-element elementor-element-bd6656c elementor-section-boxed elementor-section-height-default elementor-section-height-default\" data-id=\"bd6656c\" data-element_type=\"section\" data-e-type=\"section\">\n\t\t\t\t\t\t<div class=\"elementor-container elementor-column-gap-default\">\n\t\t\t\t\t<div class=\"elementor-column elementor-col-100 elementor-top-column elementor-element elementor-element-d73f13f\" data-id=\"d73f13f\" data-element_type=\"column\" data-e-type=\"column\">\n\t\t\t<div class=\"elementor-widget-wrap elementor-element-populated\">\n\t\t\t\t\t\t<div class=\"elementor-element elementor-element-b2e9055 elementor-widget elementor-widget-text-editor\" data-id=\"b2e9055\" data-element_type=\"widget\" data-e-type=\"widget\" data-widget_type=\"text-editor.default\">\n\t\t\t\t<div class=\"elementor-widget-container\">\n\t\t\t\t\t\t\t\t\t<p>Die pl\u00f6tzlich gestiegene Aufmerksamkeit und Begehren nach &#8222;Batu Akik&#8220; Schmuck aus Pacitan f\u00fchrte zu einer raschen Ausweitung der regionalen Schmuckindustrie und des Entstehens eines regelrechten &#8222;Goldrausches\u201c. Viele Menschen sahen ihre Chance, Steine aus Gebieten bei Flussbetten oder Gebirgsh\u00e4ngen zu bergen, diese selbst zu Hause mit Maschinen zu bearbeiten, um sie dann an kleinen St\u00e4nden zu verkaufen oder einen guten Preis bei Gro\u00dfh\u00e4ndlern zu erzielen.<\/p>\t\t\t\t\t\t\t\t<\/div>\n\t\t\t\t<\/div>\n\t\t\t\t\t<\/div>\n\t\t<\/div>\n\t\t\t\t\t<\/div>\n\t\t<\/section>\n\t\t\t\t<section class=\"elementor-section elementor-top-section elementor-element elementor-element-8cb49f4 elementor-section-boxed elementor-section-height-default elementor-section-height-default\" data-id=\"8cb49f4\" data-element_type=\"section\" data-e-type=\"section\">\n\t\t\t\t\t\t<div class=\"elementor-container elementor-column-gap-default\">\n\t\t\t\t\t<div class=\"elementor-column elementor-col-100 elementor-top-column elementor-element elementor-element-b7bc20b\" data-id=\"b7bc20b\" data-element_type=\"column\" data-e-type=\"column\">\n\t\t\t<div class=\"elementor-widget-wrap elementor-element-populated\">\n\t\t\t\t\t\t<div class=\"elementor-element elementor-element-5833504 elementor-widget elementor-widget-text-editor\" data-id=\"5833504\" data-element_type=\"widget\" data-e-type=\"widget\" data-widget_type=\"text-editor.default\">\n\t\t\t\t<div class=\"elementor-widget-container\">\n\t\t\t\t\t\t\t\t\t<p>Die Schmucksteine von &#8222;Kali Watu&#8220; werden von einem in der Region bereits etablierten Produzenten hergestellt. Wir konnten die Manufaktur bereits mehrfach besuchen und uns selbst davon \u00fcberzeugen, dass dort ein sicheres und gutes Arbeitsumfeld herrscht. Als Resultat entstehen\u00a0Produkte, die von gro\u00dfer Handwerkskunst und Hingabe w\u00e4hrend des Herstellungsprozesses zeugen.<\/p>\t\t\t\t\t\t\t\t<\/div>\n\t\t\t\t<\/div>\n\t\t\t\t\t<\/div>\n\t\t<\/div>\n\t\t\t\t\t<\/div>\n\t\t<\/section>\n\t\t\t\t<section class=\"elementor-section elementor-top-section elementor-element elementor-element-e04e1fd elementor-section-boxed elementor-section-height-default elementor-section-height-default\" data-id=\"e04e1fd\" data-element_type=\"section\" data-e-type=\"section\">\n\t\t\t\t\t\t<div class=\"elementor-container elementor-column-gap-default\">\n\t\t\t\t\t<div class=\"elementor-column elementor-col-100 elementor-top-column elementor-element elementor-element-95552f3\" data-id=\"95552f3\" data-element_type=\"column\" data-e-type=\"column\">\n\t\t\t<div class=\"elementor-widget-wrap elementor-element-populated\">\n\t\t\t\t\t\t<div class=\"elementor-element elementor-element-1c85d71 elementor-widget elementor-widget-video\" data-id=\"1c85d71\" data-element_type=\"widget\" data-e-type=\"widget\" data-settings=\"{&quot;youtube_url&quot;:&quot;https:\\\/\\\/youtu.be\\\/9f1pS-rePok&quot;,&quot;video_type&quot;:&quot;youtube&quot;,&quot;controls&quot;:&quot;yes&quot;}\" data-widget_type=\"video.default\">\n\t\t\t\t<div class=\"elementor-widget-container\">\n\t\t\t\t\t\t\t<div class=\"elementor-wrapper elementor-open-inline\">\n\t\t\t<div class=\"elementor-video\"><\/div>\t\t<\/div>\n\t\t\t\t\t\t<\/div>\n\t\t\t\t<\/div>\n\t\t\t\t\t<\/div>\n\t\t<\/div>\n\t\t\t\t\t<\/div>\n\t\t<\/section>\n\t\t\t\t<section class=\"elementor-section elementor-top-section elementor-element elementor-element-5278155 elementor-section-boxed elementor-section-height-default elementor-section-height-default\" data-id=\"5278155\" data-element_type=\"section\" data-e-type=\"section\">\n\t\t\t\t\t\t<div class=\"elementor-container elementor-column-gap-default\">\n\t\t\t\t\t<div class=\"elementor-column elementor-col-100 elementor-top-column elementor-element elementor-element-398e5cd\" data-id=\"398e5cd\" data-element_type=\"column\" data-e-type=\"column\">\n\t\t\t<div class=\"elementor-widget-wrap elementor-element-populated\">\n\t\t\t\t\t\t<div class=\"elementor-element elementor-element-9163340 elementor-widget elementor-widget-spacer\" data-id=\"9163340\" data-element_type=\"widget\" data-e-type=\"widget\" data-widget_type=\"spacer.default\">\n\t\t\t\t<div class=\"elementor-widget-container\">\n\t\t\t\t\t\t\t<div class=\"elementor-spacer\">\n\t\t\t<div class=\"elementor-spacer-inner\"><\/div>\n\t\t<\/div>\n\t\t\t\t\t\t<\/div>\n\t\t\t\t<\/div>\n\t\t\t\t\t<\/div>\n\t\t<\/div>\n\t\t\t\t\t<\/div>\n\t\t<\/section>\n\t\t\t\t<section class=\"elementor-section elementor-top-section elementor-element elementor-element-fa18a64 elementor-section-boxed elementor-section-height-default elementor-section-height-default\" data-id=\"fa18a64\" data-element_type=\"section\" data-e-type=\"section\">\n\t\t\t\t\t\t<div class=\"elementor-container elementor-column-gap-default\">\n\t\t\t\t\t<div class=\"elementor-column elementor-col-100 elementor-top-column elementor-element elementor-element-54c00b7\" data-id=\"54c00b7\" data-element_type=\"column\" data-e-type=\"column\">\n\t\t\t<div class=\"elementor-widget-wrap elementor-element-populated\">\n\t\t\t\t\t\t<div class=\"elementor-element elementor-element-8163ab1 elementor-widget elementor-widget-text-editor\" data-id=\"8163ab1\" data-element_type=\"widget\" data-e-type=\"widget\" data-widget_type=\"text-editor.default\">\n\t\t\t\t<div class=\"elementor-widget-container\">\n\t\t\t\t\t\t\t\t\t<p>Die rohen Gesteinsbl\u00f6cke werden aus Flussbetten und an Gebirgsh\u00e4ngen abgetragen und an die Produktionsst\u00e4tte zur Weiterverarbeitung geliefert. Bevor diese ge\u00f6ffnet werden, wei\u00df man oft nicht ob und wenn ja, welche Edelsteinart sich im Inneren verbirgt. Die Schmucksteine werden in mehrstufigen\u00a0Arbeitsschritten sorgf\u00e4ltig aus den Gesteinsbl\u00f6cken herausgearbeitet und schrittweise zu\u00a0den verschiedenen Formen\u00a0geschliffen.<\/p>\t\t\t\t\t\t\t\t<\/div>\n\t\t\t\t<\/div>\n\t\t\t\t\t<\/div>\n\t\t<\/div>\n\t\t\t\t\t<\/div>\n\t\t<\/section>\n\t\t\t\t<section class=\"elementor-section elementor-top-section elementor-element elementor-element-1de78da elementor-section-boxed elementor-section-height-default elementor-section-height-default\" data-id=\"1de78da\" data-element_type=\"section\" data-e-type=\"section\">\n\t\t\t\t\t\t<div class=\"elementor-container elementor-column-gap-default\">\n\t\t\t\t\t<div class=\"elementor-column elementor-col-100 elementor-top-column elementor-element elementor-element-b2ac104\" data-id=\"b2ac104\" data-element_type=\"column\" data-e-type=\"column\">\n\t\t\t<div class=\"elementor-widget-wrap elementor-element-populated\">\n\t\t\t\t\t\t<div class=\"elementor-element elementor-element-6901d01 elementor-widget elementor-widget-spacer\" data-id=\"6901d01\" data-element_type=\"widget\" data-e-type=\"widget\" data-widget_type=\"spacer.default\">\n\t\t\t\t<div class=\"elementor-widget-container\">\n\t\t\t\t\t\t\t<div class=\"elementor-spacer\">\n\t\t\t<div class=\"elementor-spacer-inner\"><\/div>\n\t\t<\/div>\n\t\t\t\t\t\t<\/div>\n\t\t\t\t<\/div>\n\t\t\t\t\t<\/div>\n\t\t<\/div>\n\t\t\t\t\t<\/div>\n\t\t<\/section>\n\t\t\t\t<section class=\"elementor-section elementor-top-section elementor-element elementor-element-5560ad8 elementor-section-boxed elementor-section-height-default elementor-section-height-default\" data-id=\"5560ad8\" data-element_type=\"section\" data-e-type=\"section\">\n\t\t\t\t\t\t<div class=\"elementor-container elementor-column-gap-default\">\n\t\t\t\t\t<div class=\"elementor-column elementor-col-100 elementor-top-column elementor-element elementor-element-8f4e983\" data-id=\"8f4e983\" data-element_type=\"column\" data-e-type=\"column\">\n\t\t\t<div class=\"elementor-widget-wrap elementor-element-populated\">\n\t\t\t\t\t\t<div class=\"elementor-element elementor-element-ba75f41 elementor-position-right elementor-vertical-align-middle elementor-widget elementor-widget-image-box\" data-id=\"ba75f41\" data-element_type=\"widget\" data-e-type=\"widget\" data-widget_type=\"image-box.default\">\n\t\t\t\t<div class=\"elementor-widget-container\">\n\t\t\t\t\t<div class=\"elementor-image-box-wrapper\"><figure class=\"elementor-image-box-img\"><img decoding=\"async\" width=\"4628\" height=\"1705\" src=\"https:\/\/kaliwatu.de\/wp-content\/uploads\/2019\/10\/kaliwatu_logo_v2.png\" class=\"attachment-full size-full wp-image-14\" alt=\"\" srcset=\"https:\/\/kaliwatu.de\/wp-content\/uploads\/2019\/10\/kaliwatu_logo_v2.png 4628w, https:\/\/kaliwatu.de\/wp-content\/uploads\/2019\/10\/kaliwatu_logo_v2-300x111.png 300w, https:\/\/kaliwatu.de\/wp-content\/uploads\/2019\/10\/kaliwatu_logo_v2-768x283.png 768w, https:\/\/kaliwatu.de\/wp-content\/uploads\/2019\/10\/kaliwatu_logo_v2-1024x377.png 1024w\" sizes=\"(max-width: 4628px) 100vw, 4628px\" \/><\/figure><div class=\"elementor-image-box-content\"><p class=\"elementor-image-box-description\">\"Kali Watu\" l\u00e4sst sich sinngem\u00e4\u00df vom Javanischen auf Deutsch mit \"Fluss-Stein\" \u00fcbersetzen. Bei der Wahl unseres Markennamens haben wir bewusst einen Wortlaut mit javanischer Sprachabstammung gew\u00e4hlt, um die geografischen Region wertzusch\u00e4tzen aus der die Schmucksteine stammen.<\/p><\/div><\/div>\t\t\t\t<\/div>\n\t\t\t\t<\/div>\n\t\t\t\t\t<\/div>\n\t\t<\/div>\n\t\t\t\t\t<\/div>\n\t\t<\/section>\n\t\t\t\t<section class=\"elementor-section elementor-top-section elementor-element elementor-element-0beeb63 elementor-section-boxed elementor-section-height-default elementor-section-height-default\" data-id=\"0beeb63\" data-element_type=\"section\" data-e-type=\"section\">\n\t\t\t\t\t\t<div class=\"elementor-container elementor-column-gap-default\">\n\t\t\t\t\t<div class=\"elementor-column elementor-col-100 elementor-top-column elementor-element elementor-element-c268a3b\" data-id=\"c268a3b\" data-element_type=\"column\" data-e-type=\"column\">\n\t\t\t<div class=\"elementor-widget-wrap elementor-element-populated\">\n\t\t\t\t\t\t<div class=\"elementor-element elementor-element-555e1ce elementor-widget elementor-widget-spacer\" data-id=\"555e1ce\" data-element_type=\"widget\" data-e-type=\"widget\" data-widget_type=\"spacer.default\">\n\t\t\t\t<div class=\"elementor-widget-container\">\n\t\t\t\t\t\t\t<div class=\"elementor-spacer\">\n\t\t\t<div class=\"elementor-spacer-inner\"><\/div>\n\t\t<\/div>\n\t\t\t\t\t\t<\/div>\n\t\t\t\t<\/div>\n\t\t\t\t\t<\/div>\n\t\t<\/div>\n\t\t\t\t\t<\/div>\n\t\t<\/section>\n\t\t\t\t<\/div>\n\t\t","protected":false},"excerpt":{"rendered":"<p>Indonesien ist mit mehr als 250 Millionen Menschen eines der bev\u00f6lkerungsreichsten L\u00e4nder der Welt. Beim Bereisen des Landes entsteht der Eindruck, dass jede gr\u00f6\u00dfere Insel an sich eine ganz eigene spezielle Kultur und Mentalit\u00e4t besitzt. Mit mehr als 17.500 Inseln ist Indonesien ein facettenreiches, kaum zu erfassendes und \u00fcberaus faszinierendes Land. Unsere Schmucksteine von &#8222;Kali [&hellip;]<\/p>\n","protected":false},"author":1,"featured_media":0,"parent":0,"menu_order":0,"comment_status":"closed","ping_status":"closed","template":"","meta":{"site-sidebar-layout":"no-sidebar","site-content-layout":"page-builder","ast-site-content-layout":"default","site-content-style":"default","site-sidebar-style":"default","ast-global-header-display":"","ast-banner-title-visibility":"","ast-main-header-display":"","ast-hfb-above-header-display":"","ast-hfb-below-header-display":"","ast-hfb-mobile-header-display":"","site-post-title":"disabled","ast-breadcrumbs-content":"","ast-featured-img":"disabled","footer-sml-layout":"","ast-disable-related-posts":"","theme-transparent-header-meta":"default","adv-header-id-meta":"","stick-header-meta":"","header-above-stick-meta":"","header-main-stick-meta":"","header-below-stick-meta":"","astra-migrate-meta-layouts":"default","ast-page-background-enabled":"default","ast-page-background-meta":{"desktop":{"background-color":"","background-image":"","background-repeat":"repeat","background-position":"center center","background-size":"auto","background-attachment":"scroll","background-type":"","background-media":"","overlay-type":"","overlay-color":"","overlay-opacity":"","overlay-gradient":""},"tablet":{"background-color":"","background-image":"","background-repeat":"repeat","background-position":"center center","background-size":"auto","background-attachment":"scroll","background-type":"","background-media":"","overlay-type":"","overlay-color":"","overlay-opacity":"","overlay-gradient":""},"mobile":{"background-color":"","background-image":"","background-repeat":"repeat","background-position":"center center","background-size":"auto","background-attachment":"scroll","background-type":"","background-media":"","overlay-type":"","overlay-color":"","overlay-opacity":"","overlay-gradient":""}},"ast-content-background-meta":{"desktop":{"background-color":"var(--ast-global-color-5)","background-image":"","background-repeat":"repeat","background-position":"center center","background-size":"auto","background-attachment":"scroll","background-type":"","background-media":"","overlay-type":"","overlay-color":"","overlay-opacity":"","overlay-gradient":""},"tablet":{"background-color":"var(--ast-global-color-5)","background-image":"","background-repeat":"repeat","background-position":"center center","background-size":"auto","background-attachment":"scroll","background-type":"","background-media":"","overlay-type":"","overlay-color":"","overlay-opacity":"","overlay-gradient":""},"mobile":{"background-color":"var(--ast-global-color-5)","background-image":"","background-repeat":"repeat","background-position":"center center","background-size":"auto","background-attachment":"scroll","background-type":"","background-media":"","overlay-type":"","overlay-color":"","overlay-opacity":"","overlay-gradient":""}},"footnotes":""},"class_list":["post-107","page","type-page","status-publish","hentry"],"_links":{"self":[{"href":"https:\/\/kaliwatu.de\/index.php?rest_route=\/wp\/v2\/pages\/107","targetHints":{"allow":["GET"]}}],"collection":[{"href":"https:\/\/kaliwatu.de\/index.php?rest_route=\/wp\/v2\/pages"}],"about":[{"href":"https:\/\/kaliwatu.de\/index.php?rest_route=\/wp\/v2\/types\/page"}],"author":[{"embeddable":true,"href":"https:\/\/kaliwatu.de\/index.php?rest_route=\/wp\/v2\/users\/1"}],"replies":[{"embeddable":true,"href":"https:\/\/kaliwatu.de\/index.php?rest_route=%2Fwp%2Fv2%2Fcomments&post=107"}],"version-history":[{"count":3,"href":"https:\/\/kaliwatu.de\/index.php?rest_route=\/wp\/v2\/pages\/107\/revisions"}],"predecessor-version":[{"id":165,"href":"https:\/\/kaliwatu.de\/index.php?rest_route=\/wp\/v2\/pages\/107\/revisions\/165"}],"wp:attachment":[{"href":"https:\/\/kaliwatu.de\/index.php?rest_route=%2Fwp%2Fv2%2Fmedia&parent=107"}],"curies":[{"name":"wp","href":"https:\/\/api.w.org\/{rel}","templated":true}]}}